{"id":541,"date":"2023-07-19T10:45:38","date_gmt":"2023-07-19T01:45:38","guid":{"rendered":"https:\/\/k-present.com\/?page_id=541"},"modified":"2023-08-10T14:00:05","modified_gmt":"2023-08-10T05:00:05","slug":"email-login","status":"publish","type":"page","link":"https:\/\/k-present.com\/vi\/email-login\/","title":{"rendered":"\uc774\uba54\uc77c \ub85c\uadf8\uc778"},"content":{"rendered":"<div data-elementor-type=\"wp-page\" data-elementor-id=\"541\" class=\"elementor elementor-541\" data-elementor-post-type=\"page\">\n\t\t\t\t\t\t\t\t\t<section class=\"elementor-section elementor-top-section elementor-element elementor-element-d669bd8 elementor-section-boxed elementor-section-height-default elementor-section-height-default\" data-id=\"d669bd8\" data-element_type=\"section\" data-settings=\"{&quot;jet_parallax_layout_list&quot;:[]}\">\n\t\t\t\t\t\t<div class=\"elementor-container elementor-column-gap-default\">\n\t\t\t\t\t<div class=\"elementor-column elementor-col-100 elementor-top-column elementor-element elementor-element-1f166f1\" data-id=\"1f166f1\" data-element_type=\"column\">\n\t\t\t<div class=\"elementor-widget-wrap elementor-element-populated\">\n\t\t\t\t\t\t\t\t<div class=\"elementor-element elementor-element-638d576 elementor-widget elementor-widget-heading\" data-id=\"638d576\" data-element_type=\"widget\" data-widget_type=\"heading.default\">\n\t\t\t\t<div class=\"elementor-widget-container\">\n\t\t\t<style>\/*! elementor - v3.18.0 - 20-12-2023 *\/\n.elementor-heading-title{padding:0;margin:0;line-height:1}.elementor-widget-heading .elementor-heading-title[class*=elementor-size-]>a{color:inherit;font-size:inherit;line-height:inherit}.elementor-widget-heading .elementor-heading-title.elementor-size-small{font-size:15px}.elementor-widget-heading .elementor-heading-title.elementor-size-medium{font-size:19px}.elementor-widget-heading .elementor-heading-title.elementor-size-large{font-size:29px}.elementor-widget-heading .elementor-heading-title.elementor-size-xl{font-size:39px}.elementor-widget-heading .elementor-heading-title.elementor-size-xxl{font-size:59px}<\/style><h2 class=\"elementor-heading-title elementor-size-default\"> \u0110\u0103ng nh\u1eadp<\/h2>\t\t<\/div>\n\t\t\t\t<\/div>\n\t\t\t\t<div class=\"elementor-element elementor-element-3c313df elementor-widget elementor-widget-shortcode\" data-id=\"3c313df\" data-element_type=\"widget\" data-widget_type=\"shortcode.default\">\n\t\t\t\t<div class=\"elementor-widget-container\">\n\t\t\t\t\t<div class=\"elementor-shortcode\"><div class=\"cosmosfarm-members-form signin-form default\">\r\n\t<form method=\"post\" action=\"\/vi\/wp-json\/wp\/v2\/pages\/541\" data-trp-original-action=\"\/vi\/wp-json\/wp\/v2\/pages\/541\">\r\n\t\t<input type=\"hidden\" name=\"redirect_to\" value=\"\">\r\n\t\t<input type=\"hidden\" name=\"a\" value=\"login\">\r\n\t\t<fieldset>\r\n\t\t\t<legend>Log In<\/legend>\r\n\t\t\t\r\n\t\t\t\t\t\t<label for=\"log\">Username<\/label>\r\n\t\t\t<div class=\"div_text\">\r\n\t\t\t\t<input name=\"log\" type=\"text\" id=\"log\" class=\"username\">\r\n\t\t\t<\/div>\r\n\t\t\t\t\t\t\r\n\t\t\t<label for=\"pwd\">Password<\/label>\r\n\t\t\t<div class=\"div_text\">\r\n\t\t\t\t<input name=\"pwd\" type=\"password\" id=\"pwd\" class=\"password\">\r\n\t\t\t<\/div>\r\n\t\t\t\r\n\t\t\t<div class=\"button_div\">\r\n\t\t\t\t<label><input name=\"rememberme\" type=\"checkbox\" id=\"rememberme\" value=\"forever\">Keep me signed in<\/label>\r\n\t\t\t\t<input type=\"submit\" class=\"buttons\" value=\"Log In\">\r\n\t\t\t<\/div>\r\n\t\t\t\r\n\t\t\t<div class=\"cosmosfarm-social-login\">\r\n\t<div class=\"cosmosfarm-social-login-title\">Social Login<\/div>\r\n\t\t\t\t\t\t<a href=\"https:\/\/k-present.com\/vi\/?action=cosmosfarm_members_social_login&channel=google&redirect_to=%2Fvi%2Fwp-json%2Fwp%2Fv2%2Fpages%2F541\" title=\"Google\"><img decoding=\"async\" src=\"https:\/\/k-present.com\/wp-content\/plugins\/cosmosfarm-members\/skin\/default\/images\/icon-google.png\" alt=\"google\"><\/a>\r\n\t\t\t<\/div>\t\t\t\r\n\t\t\t\t\t\t<div align=\"right\" class=\"link-text pwdreset\">\r\n\t\t\t\t<a href=\"https:\/\/k-present.com\/vi\/my-account\/?a=pwdreset\">Forgot Password?<\/a>\r\n\t\t\t<\/div>\r\n\t\t\t\t\t\t\r\n\t\t\t\t\t\t<div align=\"right\" class=\"link-text register\">\r\n\t\t\t\t<a href=\"https:\/\/k-present.com\/vi\/register\/\">\u0110\u0103ng k\u00fd<\/a>\r\n\t\t\t<\/div>\r\n\t\t\t\t\t<\/fieldset>\r\n\t<input type=\"hidden\" name=\"trp-form-language\" value=\"vi\"\/><\/form>\r\n<\/div><\/div>\n\t\t\t\t<\/div>\n\t\t\t\t<\/div>\n\t\t\t\t<div class=\"elementor-element elementor-element-7a9c695 elementor-widget-divider--view-line elementor-widget elementor-widget-divider\" data-id=\"7a9c695\" data-element_type=\"widget\" data-widget_type=\"divider.default\">\n\t\t\t\t<div class=\"elementor-widget-container\">\n\t\t\t<style>\/*! elementor - v3.18.0 - 20-12-2023 *\/\n.elementor-widget-divider{--divider-border-style:none;--divider-border-width:1px;--divider-color:#0c0d0e;--divider-icon-size:20px;--divider-element-spacing:10px;--divider-pattern-height:24px;--divider-pattern-size:20px;--divider-pattern-url:none;--divider-pattern-repeat:repeat-x}.elementor-widget-divider .elementor-divider{display:flex}.elementor-widget-divider .elementor-divider__text{font-size:15px;line-height:1;max-width:95%}.elementor-widget-divider .elementor-divider__element{margin:0 var(--divider-element-spacing);flex-shrink:0}.elementor-widget-divider .elementor-icon{font-size:var(--divider-icon-size)}.elementor-widget-divider .elementor-divider-separator{display:flex;margin:0;direction:ltr}.elementor-widget-divider--view-line_icon .elementor-divider-separator,.elementor-widget-divider--view-line_text .elementor-divider-separator{align-items:center}.elementor-widget-divider--view-line_icon .elementor-divider-separator:after,.elementor-widget-divider--view-line_icon .elementor-divider-separator:before,.elementor-widget-divider--view-line_text .elementor-divider-separator:after,.elementor-widget-divider--view-line_text .elementor-divider-separator:before{display:block;content:\"\";border-bottom:0;flex-grow:1;border-top:var(--divider-border-width) var(--divider-border-style) var(--divider-color)}.elementor-widget-divider--element-align-left .elementor-divider .elementor-divider-separator>.elementor-divider__svg:first-of-type{flex-grow:0;flex-shrink:100}.elementor-widget-divider--element-align-left .elementor-divider-separator:before{content:none}.elementor-widget-divider--element-align-left .elementor-divider__element{margin-left:0}.elementor-widget-divider--element-align-right .elementor-divider .elementor-divider-separator>.elementor-divider__svg:last-of-type{flex-grow:0;flex-shrink:100}.elementor-widget-divider--element-align-right .elementor-divider-separator:after{content:none}.elementor-widget-divider--element-align-right .elementor-divider__element{margin-right:0}.elementor-widget-divider:not(.elementor-widget-divider--view-line_text):not(.elementor-widget-divider--view-line_icon) .elementor-divider-separator{border-top:var(--divider-border-width) var(--divider-border-style) var(--divider-color)}.elementor-widget-divider--separator-type-pattern{--divider-border-style:none}.elementor-widget-divider--separator-type-pattern.elementor-widget-divider--view-line .elementor-divider-separator,.elementor-widget-divider--separator-type-pattern:not(.elementor-widget-divider--view-line) .elementor-divider-separator:after,.elementor-widget-divider--separator-type-pattern:not(.elementor-widget-divider--view-line) .elementor-divider-separator:before,.elementor-widget-divider--separator-type-pattern:not([class*=elementor-widget-divider--view]) .elementor-divider-separator{width:100%;min-height:var(--divider-pattern-height);-webkit-mask-size:var(--divider-pattern-size) 100%;mask-size:var(--divider-pattern-size) 100%;-webkit-mask-repeat:var(--divider-pattern-repeat);mask-repeat:var(--divider-pattern-repeat);background-color:var(--divider-color);-webkit-mask-image:var(--divider-pattern-url);mask-image:var(--divider-pattern-url)}.elementor-widget-divider--no-spacing{--divider-pattern-size:auto}.elementor-widget-divider--bg-round{--divider-pattern-repeat:round}.rtl .elementor-widget-divider .elementor-divider__text{direction:rtl}.e-con-inner>.elementor-widget-divider,.e-con>.elementor-widget-divider{width:var(--container-widget-width,100%);--flex-grow:var(--container-widget-flex-grow)}<\/style>\t\t<div class=\"elementor-divider\">\n\t\t\t<span class=\"elementor-divider-separator\">\n\t\t\t\t\t\t<\/span>\n\t\t<\/div>\n\t\t\t\t<\/div>\n\t\t\t\t<\/div>\n\t\t\t\t<div class=\"elementor-element elementor-element-035dca3 elementor-widget elementor-widget-heading\" data-id=\"035dca3\" data-element_type=\"widget\" data-widget_type=\"heading.default\">\n\t\t\t\t<div class=\"elementor-widget-container\">\n\t\t\t<h2 class=\"elementor-heading-title elementor-size-default\">HO\u1eb6C<\/h2>\t\t<\/div>\n\t\t\t\t<\/div>\n\t\t\t\t<div class=\"elementor-element elementor-element-346d862 elementor-align-center elementor-widget elementor-widget-button\" data-id=\"346d862\" data-element_type=\"widget\" data-widget_type=\"button.default\">\n\t\t\t\t<div class=\"elementor-widget-container\">\n\t\t\t\t\t<div class=\"elementor-button-wrapper\">\n\t\t\t<a class=\"elementor-button elementor-button-link elementor-size-sm\" href=\"https:\/\/k-present.com\/vi\/?action=cosmosfarm_members_social_login&#038;channel=google&#038;redirect_to=\/email-login\/\">\n\t\t\t\t\t\t<span class=\"elementor-button-content-wrapper\">\n\t\t\t\t\t\t<span class=\"elementor-button-icon elementor-align-icon-left\">\n\t\t\t\t<svg xmlns=\"http:\/\/www.w3.org\/2000\/svg\" viewbox=\"0 0 48 48\" width=\"48px\" height=\"48px\"><path fill=\"#fbc02d\" d=\"M43.611,20.083H42V20H24v8h11.303c-1.649,4.657-6.08,8-11.303,8c-6.627,0-12-5.373-12-12 s5.373-12,12-12c3.059,0,5.842,1.154,7.961,3.039l5.657-5.657C34.046,6.053,29.268,4,24,4C12.955,4,4,12.955,4,24s8.955,20,20,20 s20-8.955,20-20C44,22.659,43.862,21.35,43.611,20.083z\"><\/path><path fill=\"#e53935\" d=\"M6.306,14.691l6.571,4.819C14.655,15.108,18.961,12,24,12c3.059,0,5.842,1.154,7.961,3.039 l5.657-5.657C34.046,6.053,29.268,4,24,4C16.318,4,9.656,8.337,6.306,14.691z\"><\/path><path fill=\"#4caf50\" d=\"M24,44c5.166,0,9.86-1.977,13.409-5.192l-6.19-5.238C29.211,35.091,26.715,36,24,36 c-5.202,0-9.619-3.317-11.283-7.946l-6.522,5.025C9.505,39.556,16.227,44,24,44z\"><\/path><path fill=\"#1565c0\" d=\"M43.611,20.083L43.595,20L42,20H24v8h11.303c-0.792,2.237-2.231,4.166-4.087,5.571 c0.001-0.001,0.002-0.001,0.003-0.002l6.19,5.238C36.971,39.205,44,34,44,24C44,22.659,43.862,21.35,43.611,20.083z\"><\/path><\/svg>\t\t\t<\/span>\n\t\t\t\t\t\t<span class=\"elementor-button-text\">Ti\u1ebfp t\u1ee5c v\u1edbi Google<\/span>\n\t\t<\/span>\n\t\t\t\t\t<\/a>\n\t\t<\/div>\n\t\t\t\t<\/div>\n\t\t\t\t<\/div>\n\t\t\t\t\t<\/div>\n\t\t<\/div>\n\t\t\t\t\t\t\t<\/div>\n\t\t<\/section>\n\t\t\t\t\t\t\t<\/div>","protected":false},"excerpt":{"rendered":"<p>Login OR Continue with Google<\/p>","protected":false},"author":1,"featured_media":0,"parent":0,"menu_order":0,"comment_status":"closed","ping_status":"closed","template":"","meta":{"site-sidebar-layout":"default","site-content-layout":"default","ast-global-header-display":"","ast-banner-title-visibility":"","ast-main-header-display":"","ast-hfb-above-header-display":"","ast-hfb-below-header-display":"","ast-hfb-mobile-header-display":"","site-post-title":"","ast-breadcrumbs-content":"","ast-featured-img":"","footer-sml-layout":"","theme-transparent-header-meta":"","adv-header-id-meta":"","stick-header-meta":"","header-above-stick-meta":"","header-main-stick-meta":"","header-below-stick-meta":"","_glsr_average":0,"_glsr_ranking":0,"_glsr_reviews":0,"footnotes":""},"class_list":["post-541","page","type-page","status-publish","hentry"],"acf":[],"_links":{"self":[{"href":"https:\/\/k-present.com\/vi\/wp-json\/wp\/v2\/pages\/541"}],"collection":[{"href":"https:\/\/k-present.com\/vi\/wp-json\/wp\/v2\/pages"}],"about":[{"href":"https:\/\/k-present.com\/vi\/wp-json\/wp\/v2\/types\/page"}],"author":[{"embeddable":true,"href":"https:\/\/k-present.com\/vi\/wp-json\/wp\/v2\/users\/1"}],"replies":[{"embeddable":true,"href":"https:\/\/k-present.com\/vi\/wp-json\/wp\/v2\/comments?post=541"}],"version-history":[{"count":127,"href":"https:\/\/k-present.com\/vi\/wp-json\/wp\/v2\/pages\/541\/revisions"}],"predecessor-version":[{"id":1495,"href":"https:\/\/k-present.com\/vi\/wp-json\/wp\/v2\/pages\/541\/revisions\/1495"}],"wp:attachment":[{"href":"https:\/\/k-present.com\/vi\/wp-json\/wp\/v2\/media?parent=541"}],"curies":[{"name":"wp","href":"https:\/\/api.w.org\/{rel}","templated":true}]}}