{"id":580,"date":"2023-07-19T11:04:58","date_gmt":"2023-07-19T02:04:58","guid":{"rendered":"https:\/\/k-present.com\/?post_type=product&#038;p=580"},"modified":"2023-11-08T16:09:36","modified_gmt":"2023-11-08T07:09:36","slug":"korean-version-of-rhinestone-watermelon-earrings","status":"publish","type":"product","link":"https:\/\/k-present.com\/vi\/san-pham\/korean-version-of-rhinestone-watermelon-earrings\/","title":{"rendered":"B\u00f4ng tai h\u00ecnh qu\u1ea3 d\u01b0a h\u1ea5u \u0111\u00ednh \u0111\u00e1 phong c\u00e1ch H\u00e0n Qu\u1ed1c"},"content":{"rendered":"<p>B\u00f4ng tai h\u00ecnh qu\u1ea3 d\u01b0a h\u1ea5u \u0111\u00ednh \u0111\u00e1 phong c\u00e1ch H\u00e0n Qu\u1ed1c<\/p>","protected":false},"excerpt":{"rendered":"<p>B\u00f4ng tai h\u00ecnh qu\u1ea3 d\u01b0a h\u1ea5u \u0111\u00ednh \u0111\u00e1 phong c\u00e1ch H\u00e0n Qu\u1ed1c<\/p>","protected":false},"featured_media":3802,"template":"","meta":{"site-sidebar-layout":"default","site-content-layout":"default","ast-global-header-display":"","ast-banner-title-visibility":"","ast-main-header-display":"","ast-hfb-above-header-display":"","ast-hfb-below-header-display":"","ast-hfb-mobile-header-display":"","site-post-title":"","ast-breadcrumbs-content":"","ast-featured-img":"","footer-sml-layout":"","theme-transparent-header-meta":"default","adv-header-id-meta":"","stick-header-meta":"","header-above-stick-meta":"","header-main-stick-meta":"","header-below-stick-meta":"","_glsr_average":0,"_glsr_ranking":0,"_glsr_reviews":0},"product_cat":[79],"product_tag":[],"class_list":["post-580","product","type-product","status-publish","has-post-thumbnail","hentry","product_cat-product","desktop-align-left","tablet-align-left","mobile-align-left","add-to-wishlist-before_image"],"acf":[],"_links":{"self":[{"href":"https:\/\/k-present.com\/vi\/wp-json\/wp\/v2\/product\/580"}],"collection":[{"href":"https:\/\/k-present.com\/vi\/wp-json\/wp\/v2\/product"}],"about":[{"href":"https:\/\/k-present.com\/vi\/wp-json\/wp\/v2\/types\/product"}],"version-history":[{"count":1,"href":"https:\/\/k-present.com\/vi\/wp-json\/wp\/v2\/product\/580\/revisions"}],"predecessor-version":[{"id":3105,"href":"https:\/\/k-present.com\/vi\/wp-json\/wp\/v2\/product\/580\/revisions\/3105"}],"wp:featuredmedia":[{"embeddable":true,"href":"https:\/\/k-present.com\/vi\/wp-json\/wp\/v2\/media\/3802"}],"wp:attachment":[{"href":"https:\/\/k-present.com\/vi\/wp-json\/wp\/v2\/media?parent=580"}],"wp:term":[{"taxonomy":"product_cat","embeddable":true,"href":"https:\/\/k-present.com\/vi\/wp-json\/wp\/v2\/product_cat?post=580"},{"taxonomy":"product_tag","embeddable":true,"href":"https:\/\/k-present.com\/vi\/wp-json\/wp\/v2\/product_tag?post=580"}],"curies":[{"name":"wp","href":"https:\/\/api.w.org\/{rel}","templated":true}]}}